{"id":5634,"date":"2023-10-11T08:35:49","date_gmt":"2023-10-11T08:35:49","guid":{"rendered":"https:\/\/claudinemaguth.websitesfortranslators.dev\/privacy-policy\/"},"modified":"2023-12-12T19:51:03","modified_gmt":"2023-12-12T19:51:03","slug":"hinweis-zum-datenschutz","status":"publish","type":"page","link":"https:\/\/calmtranslations.com\/de\/hinweis-zum-datenschutz\/","title":{"rendered":"Hinweis zum Datenschutz"},"content":{"rendered":"\t\t<div data-elementor-type=\"wp-page\" data-elementor-id=\"5634\" class=\"elementor elementor-5634 elementor-5031\">\n\t\t\t\t\t\t<section class=\"elementor-section elementor-top-section elementor-element elementor-element-23bd2a35 qodef-elementor-content-grid elementor-section-boxed elementor-section-height-default elementor-section-height-default\" data-id=\"23bd2a35\" data-element_type=\"section\">\n\t\t\t\t\t\t<div class=\"elementor-container elementor-column-gap-default\">\n\t\t\t\t\t<div class=\"elementor-column elementor-col-100 elementor-top-column elementor-element elementor-element-3b1a82ab\" data-id=\"3b1a82ab\" data-element_type=\"column\">\n\t\t\t<div class=\"elementor-widget-wrap elementor-element-populated\">\n\t\t\t\t\t\t<div class=\"elementor-element elementor-element-2c8dfb74 elementor-widget elementor-widget-text-editor\" data-id=\"2c8dfb74\" data-element_type=\"widget\" data-widget_type=\"text-editor.default\">\n\t\t\t\t<div class=\"elementor-widget-container\">\n\t\t\t<style>\/*! elementor - v3.19.0 - 29-01-2024 *\/\n.elementor-widget-text-editor.elementor-drop-cap-view-stacked .elementor-drop-cap{background-color:#69727d;color:#fff}.elementor-widget-text-editor.elementor-drop-cap-view-framed .elementor-drop-cap{color:#69727d;border:3px solid;background-color:transparent}.elementor-widget-text-editor:not(.elementor-drop-cap-view-default) .elementor-drop-cap{margin-top:8px}.elementor-widget-text-editor:not(.elementor-drop-cap-view-default) .elementor-drop-cap-letter{width:1em;height:1em}.elementor-widget-text-editor .elementor-drop-cap{float:left;text-align:center;line-height:1;font-size:50px}.elementor-widget-text-editor .elementor-drop-cap-letter{display:inline-block}<\/style>\t\t\t\t<h3>Hinweis zum Datenschutz&nbsp;<\/h3>\n<p>Diese Datenschutzerkl\u00e4rung erl\u00e4utert, wie ich personenbezogene Daten verwende und wie ich die rechtlichen Verpflichtungen der Allgemeinen Datenschutzverordnung (DSGVO) einhalte. Ich respektiere die Privatsph\u00e4re jedes Einzelnen und bin stets bestrebt, alle personenbezogenen Daten zu sch\u00fctzen, mit deren Verarbeitung ich beauftragt bin, z. B. alle Daten, die ich im Rahmen des normalen Gesch\u00e4ftsbetriebs erhalte.<\/p>\n<p>Indem Sie weiterhin Arbeiten bei mir in Auftrag geben, erkl\u00e4ren Sie sich damit einverstanden, dass ich Ihre personenbezogenen Daten wie in diesen Datenschutzhinweisen beschrieben verwende.<\/p>\n<p>Wenn Sie dies im Detail besprechen oder die Einschr\u00e4nkung oder L\u00f6schung Ihrer Daten verlangen m\u00f6chten, kontaktieren Sie mich bitte jederzeit unter claudine@calmtranslations.com. Ich helfe Ihnen gerne weiter.<\/p>\n<h3>Was ist CALM Translations?<\/h3>\n<p>CALM Translations&#8220; ist der Handelsname der Einzelunternehmerin und professionellen \u00dcbersetzerin Claudine Maguth. Ich arbeite seit Oktober 2011 als professionelle \u00dcbersetzerin und habe meinen Sitz in M\u00fcnchen, Deutschland.<\/p>\n<h3>Welche personenbezogenen Daten speichere ich und woher stammen sie?<\/h3>\n<p>Ich speichere bestimmte Kerninformationen \u00fcber alle Kunden, mit denen ich arbeite. Dazu geh\u00f6ren in der Regel Ihr Name, Ihr Titel, Ihre Firmenanschrift, Ihre Telefonnummer und Ihre E-Mail-Adresse sowie eventuell grundlegende Kontoinformationen f\u00fcr die Rechnungsstellung. Diese Informationen wurden ausschlie\u00dflich im Rahmen des normalen Gesch\u00e4ftsbetriebs erhoben. Ich habe noch nie Daten gekauft und habe auch nicht vor, dies in Zukunft zu tun.<\/p>\n<h3>Wie ich Ihre pers\u00f6nlichen Daten verwende<\/h3>\n<p>Der einzige Grund, warum ich Ihre personenbezogenen Daten verwende, ist die Durchf\u00fchrung und Abrechnung der Arbeiten, die Sie bei mir in Auftrag geben. Ich habe niemals pers\u00f6nliche Daten verkauft, verliehen oder weitergegeben &#8211; und habe auch nicht vor, dies in Zukunft zu tun. Ich werde Ihre Daten niemals ohne Ihre ausdr\u00fcckliche Zustimmung an Dritte weitergeben, es sei denn, ich bin gesetzlich dazu verpflichtet.<\/p>\n<h3>Wie lange speichere ich Ihre Daten?<\/h3>\n<p>Ich speichere Ihre personenbezogenen Daten nur so lange, wie es f\u00fcr die Erf\u00fcllung der Zwecke, f\u00fcr die sie erhoben wurden, erforderlich ist. Die genaue Aufbewahrungsfrist h\u00e4ngt von verschiedenen Faktoren ab, u. a. von der Relevanz der Daten f\u00fcr laufende Projekte zum Zwecke der Qualit\u00e4tssicherung und der Konsistenz der Markenbotschaft, von der Art und Sensibilit\u00e4t der Daten und von den rechtlichen und gesetzlichen Anforderungen, denen ich unterliege.<\/p>\n<h3>Ihre Rechte<\/h3>\n<p>Sie k\u00f6nnen jederzeit eine Kopie der personenbezogenen Daten anfordern, die ich \u00fcber Sie gespeichert habe. Sie haben das Recht, von mir zu verlangen, dass ich die \u00fcber Sie gespeicherten personenbezogenen Daten korrigiere oder aktualisiere, wenn diese unzutreffend sind. Um sicherzustellen, dass Ihre pers\u00f6nlichen Daten korrekt und aktuell sind, teilen Sie mir bitte alle \u00c4nderungen Ihrer pers\u00f6nlichen Daten mit, von denen ich Kenntnis haben muss. Sie k\u00f6nnen verlangen, dass die Daten eingeschr\u00e4nkt oder gel\u00f6scht werden, vorbehaltlich der einschl\u00e4gigen rechtlichen und gesetzlichen Anforderungen, an die ich gebunden bin.<\/p>\n<h3>Sicherheit der Daten<\/h3>\n<p>Als Einzelunternehmerin bin ich die einzige Person, die Zugang zu den in meinen Systemen gespeicherten Daten hat. Ich verf\u00fcge \u00fcber Verfahren, die sicherstellen, dass Ihre pers\u00f6nlichen Daten sicher und unversehrt bleiben, einschlie\u00dflich Passwortschutz, Datenmobilit\u00e4t und Software-Aktualisierungsprotokolle sowie Antivirus-Software.<\/p>\n<h2>Kontaktinformationen<\/h2>\n<p>Wenn Sie einen Aspekt des Datenschutzes besprechen m\u00f6chten, kontaktieren Sie mich bitte unter <a href=\"mailto:claudine@calmtranslations.com\">claudine@calmtranslations.com<\/a>.<\/p>\t\t\t\t\t\t<\/div>\n\t\t\t\t<\/div>\n\t\t\t\t\t<\/div>\n\t\t<\/div>\n\t\t\t\t\t<\/div>\n\t\t<\/section>\n\t\t\t\t<\/div>\n\t\t","protected":false},"excerpt":{"rendered":"<p>Hinweis zum Datenschutz&nbsp; Diese Datenschutzerkl\u00e4rung erl\u00e4utert, wie ich personenbezogene Daten verwende und wie ich die rechtlichen Verpflichtungen der Allgemeinen Datenschutzverordnung (DSGVO) einhalte. Ich respektiere die Privatsph\u00e4re jedes Einzelnen und bin stets bestrebt, alle personenbezogenen Daten zu sch\u00fctzen, mit deren Verarbeitung ich beauftragt bin, z. B. alle Daten, die ich im Rahmen des normalen Gesch\u00e4ftsbetriebs erhalte. [&hellip;]<\/p>\n","protected":false},"author":2,"featured_media":0,"parent":0,"menu_order":0,"comment_status":"closed","ping_status":"closed","template":"elementor_header_footer","meta":{"footnotes":""},"yoast_head":"<!-- This site is optimized with the Yoast SEO plugin v21.9.1 - https:\/\/yoast.com\/wordpress\/plugins\/seo\/ -->\n<title>Hinweis zum Datenschutz - Calm Translations<\/title>\n<meta name=\"robots\" content=\"noindex, nofollow\" \/>\n<meta property=\"og:locale\" content=\"de_DE\" \/>\n<meta property=\"og:type\" content=\"article\" \/>\n<meta property=\"og:title\" content=\"Hinweis zum Datenschutz - Calm Translations\" \/>\n<meta property=\"og:description\" content=\"Hinweis zum Datenschutz&nbsp; Diese Datenschutzerkl\u00e4rung erl\u00e4utert, wie ich personenbezogene Daten verwende und wie ich die rechtlichen Verpflichtungen der Allgemeinen Datenschutzverordnung (DSGVO) einhalte. Ich respektiere die Privatsph\u00e4re jedes Einzelnen und bin stets bestrebt, alle personenbezogenen Daten zu sch\u00fctzen, mit deren Verarbeitung ich beauftragt bin, z. B. alle Daten, die ich im Rahmen des normalen Gesch\u00e4ftsbetriebs erhalte. [&hellip;]\" \/>\n<meta property=\"og:url\" content=\"https:\/\/calmtranslations.com\/de\/hinweis-zum-datenschutz\/\" \/>\n<meta property=\"og:site_name\" content=\"Calm Translations\" \/>\n<meta property=\"article:modified_time\" content=\"2023-12-12T19:51:03+00:00\" \/>\n<meta name=\"twitter:card\" content=\"summary_large_image\" \/>\n<meta name=\"twitter:label1\" content=\"Gesch\u00e4tzte Lesezeit\" \/>\n\t<meta name=\"twitter:data1\" content=\"3\u00a0Minuten\" \/>\n<script type=\"application\/ld+json\" class=\"yoast-schema-graph\">{\"@context\":\"https:\/\/schema.org\",\"@graph\":[{\"@type\":\"WebPage\",\"@id\":\"https:\/\/calmtranslations.com\/de\/hinweis-zum-datenschutz\/\",\"url\":\"https:\/\/calmtranslations.com\/de\/hinweis-zum-datenschutz\/\",\"name\":\"Hinweis zum Datenschutz - Calm Translations\",\"isPartOf\":{\"@id\":\"https:\/\/calmtranslations.com\/#website\"},\"datePublished\":\"2023-10-11T08:35:49+00:00\",\"dateModified\":\"2023-12-12T19:51:03+00:00\",\"breadcrumb\":{\"@id\":\"https:\/\/calmtranslations.com\/de\/hinweis-zum-datenschutz\/#breadcrumb\"},\"inLanguage\":\"de\",\"potentialAction\":[{\"@type\":\"ReadAction\",\"target\":[\"https:\/\/calmtranslations.com\/de\/hinweis-zum-datenschutz\/\"]}]},{\"@type\":\"BreadcrumbList\",\"@id\":\"https:\/\/calmtranslations.com\/de\/hinweis-zum-datenschutz\/#breadcrumb\",\"itemListElement\":[{\"@type\":\"ListItem\",\"position\":1,\"name\":\"Home\",\"item\":\"https:\/\/calmtranslations.com\/de\/\"},{\"@type\":\"ListItem\",\"position\":2,\"name\":\"Hinweis zum Datenschutz\"}]},{\"@type\":\"WebSite\",\"@id\":\"https:\/\/calmtranslations.com\/#website\",\"url\":\"https:\/\/calmtranslations.com\/\",\"name\":\"Calm Translations\",\"description\":\"Legal translations German to English\",\"potentialAction\":[{\"@type\":\"SearchAction\",\"target\":{\"@type\":\"EntryPoint\",\"urlTemplate\":\"https:\/\/calmtranslations.com\/?s={search_term_string}\"},\"query-input\":\"required name=search_term_string\"}],\"inLanguage\":\"de\"}]}<\/script>\n<!-- \/ Yoast SEO plugin. -->","yoast_head_json":{"title":"Hinweis zum Datenschutz - Calm Translations","robots":{"index":"noindex","follow":"nofollow"},"og_locale":"de_DE","og_type":"article","og_title":"Hinweis zum Datenschutz - Calm Translations","og_description":"Hinweis zum Datenschutz&nbsp; Diese Datenschutzerkl\u00e4rung erl\u00e4utert, wie ich personenbezogene Daten verwende und wie ich die rechtlichen Verpflichtungen der Allgemeinen Datenschutzverordnung (DSGVO) einhalte. Ich respektiere die Privatsph\u00e4re jedes Einzelnen und bin stets bestrebt, alle personenbezogenen Daten zu sch\u00fctzen, mit deren Verarbeitung ich beauftragt bin, z. B. alle Daten, die ich im Rahmen des normalen Gesch\u00e4ftsbetriebs erhalte. [&hellip;]","og_url":"https:\/\/calmtranslations.com\/de\/hinweis-zum-datenschutz\/","og_site_name":"Calm Translations","article_modified_time":"2023-12-12T19:51:03+00:00","twitter_card":"summary_large_image","twitter_misc":{"Gesch\u00e4tzte Lesezeit":"3\u00a0Minuten"},"schema":{"@context":"https:\/\/schema.org","@graph":[{"@type":"WebPage","@id":"https:\/\/calmtranslations.com\/de\/hinweis-zum-datenschutz\/","url":"https:\/\/calmtranslations.com\/de\/hinweis-zum-datenschutz\/","name":"Hinweis zum Datenschutz - Calm Translations","isPartOf":{"@id":"https:\/\/calmtranslations.com\/#website"},"datePublished":"2023-10-11T08:35:49+00:00","dateModified":"2023-12-12T19:51:03+00:00","breadcrumb":{"@id":"https:\/\/calmtranslations.com\/de\/hinweis-zum-datenschutz\/#breadcrumb"},"inLanguage":"de","potentialAction":[{"@type":"ReadAction","target":["https:\/\/calmtranslations.com\/de\/hinweis-zum-datenschutz\/"]}]},{"@type":"BreadcrumbList","@id":"https:\/\/calmtranslations.com\/de\/hinweis-zum-datenschutz\/#breadcrumb","itemListElement":[{"@type":"ListItem","position":1,"name":"Home","item":"https:\/\/calmtranslations.com\/de\/"},{"@type":"ListItem","position":2,"name":"Hinweis zum Datenschutz"}]},{"@type":"WebSite","@id":"https:\/\/calmtranslations.com\/#website","url":"https:\/\/calmtranslations.com\/","name":"Calm Translations","description":"Legal translations German to English","potentialAction":[{"@type":"SearchAction","target":{"@type":"EntryPoint","urlTemplate":"https:\/\/calmtranslations.com\/?s={search_term_string}"},"query-input":"required name=search_term_string"}],"inLanguage":"de"}]}},"_links":{"self":[{"href":"https:\/\/calmtranslations.com\/de\/wp-json\/wp\/v2\/pages\/5634"}],"collection":[{"href":"https:\/\/calmtranslations.com\/de\/wp-json\/wp\/v2\/pages"}],"about":[{"href":"https:\/\/calmtranslations.com\/de\/wp-json\/wp\/v2\/types\/page"}],"author":[{"embeddable":true,"href":"https:\/\/calmtranslations.com\/de\/wp-json\/wp\/v2\/users\/2"}],"replies":[{"embeddable":true,"href":"https:\/\/calmtranslations.com\/de\/wp-json\/wp\/v2\/comments?post=5634"}],"version-history":[{"count":4,"href":"https:\/\/calmtranslations.com\/de\/wp-json\/wp\/v2\/pages\/5634\/revisions"}],"predecessor-version":[{"id":6147,"href":"https:\/\/calmtranslations.com\/de\/wp-json\/wp\/v2\/pages\/5634\/revisions\/6147"}],"wp:attachment":[{"href":"https:\/\/calmtranslations.com\/de\/wp-json\/wp\/v2\/media?parent=5634"}],"curies":[{"name":"wp","href":"https:\/\/api.w.org\/{rel}","templated":true}]}}