{"id":5631,"date":"2023-10-11T08:35:10","date_gmt":"2023-10-11T08:35:10","guid":{"rendered":"https:\/\/claudinemaguth.websitesfortranslators.dev\/testimonials\/"},"modified":"2023-12-21T16:13:34","modified_gmt":"2023-12-21T16:13:34","slug":"referenzen","status":"publish","type":"page","link":"https:\/\/calmtranslations.com\/de\/referenzen\/","title":{"rendered":"Referenzen"},"content":{"rendered":"\t\t<div data-elementor-type=\"wp-page\" data-elementor-id=\"5631\" class=\"elementor elementor-5631 elementor-5030\">\n\t\t\t\t\t\t<section class=\"elementor-section elementor-top-section elementor-element elementor-element-4fef9f6a qodef-elementor-content-grid elementor-section-boxed elementor-section-height-default elementor-section-height-default\" data-id=\"4fef9f6a\" data-element_type=\"section\">\n\t\t\t\t\t\t<div class=\"elementor-container elementor-column-gap-default\">\n\t\t\t\t\t<div class=\"elementor-column elementor-col-100 elementor-top-column elementor-element elementor-element-1ec5b0eb\" data-id=\"1ec5b0eb\" data-element_type=\"column\">\n\t\t\t<div class=\"elementor-widget-wrap elementor-element-populated\">\n\t\t\t\t\t\t<div class=\"elementor-element elementor-element-aa01cf5 elementor-widget elementor-widget-mohair_core_testimonials_list\" data-id=\"aa01cf5\" data-element_type=\"widget\" data-widget_type=\"mohair_core_testimonials_list.default\">\n\t\t\t\t<div class=\"elementor-widget-container\">\n\t\t\t<div class=\"qodef-shortcode qodef-m  qodef-testimonials-list qodef--has-appear  qodef-grid qodef-layout--columns    qodef-col-num--1 qodef-item-layout--info-below qodef-responsive--predefined\" >\n\t\t<div class=\"qodef-grid-inner\">\n\t\t<div class=\"qodef-e qodef-grid-item \">\n\t<div class=\"qodef-e-inner\">\n\t\t<div class=\"qodef-e-content\">\n\t\t\t\t\t\t\t<h5 itemprop=\"description\" class=\"qodef-e-text\">Der Name CALM Translations ist Programm - im Transaktionsgesch\u00e4ft wissen wir es zu sch\u00e4tzen, dass Sie die oft eiligen und umfangreichen \u00dcbersetzungsauftr\u00e4ge immer in guter Qualit\u00e4t, absolut zuverl\u00e4ssig mit dem gewissen Extra an Freundlichkeit und Flexibilit\u00e4t bearbeiten.<\/h5>\n\t\t\t\t<h6 class=\"qodef-e-author\">\n\t\t<span class=\"qodef-e-author-name\">Agnes Bosse, <\/span>\n\t\t\t\t\t<span class=\"qodef-e-author-job\">Rechtsanw\u00e4ltin, GSK Stockmann &amp; Kollegen<\/span>\n\t\t\t<\/h6>\n\t\t<\/div>\n\t\t\t<\/div>\n<\/div>\n<div class=\"qodef-e qodef-grid-item \">\n\t<div class=\"qodef-e-inner\">\n\t\t<div class=\"qodef-e-content\">\n\t\t\t\t\t\t\t<h5 itemprop=\"description\" class=\"qodef-e-text\">Wir stellen unseren internationalen Mandanten wichtige Informationen in englischer Sprache bereit und vertrauen daher regelm\u00e4\u00dfig auf den Service von Frau Maguth und Calmtranslations.com. Ihr rasches Handeln, ihre h\u00f6chste Qualit\u00e4t, so wie Ihre au\u00dferordentliche Kompetenz erm\u00f6glicht es uns unseren Mandanten diesen Service zu bieten. Die Zusammenarbeit mit Calmtranslations ist f\u00fcr uns daher ein Baustein unseres Erfolgs.<\/h5>\n\t\t\t\t<h6 class=\"qodef-e-author\">\n\t\t<span class=\"qodef-e-author-name\">Renate Schn\u00fcrch, <\/span>\n\t\t\t\t\t<span class=\"qodef-e-author-job\">Steuerberaterin<\/span>\n\t\t\t<\/h6>\n\t\t<\/div>\n\t\t\t<\/div>\n<\/div>\n<div class=\"qodef-e qodef-grid-item \">\n\t<div class=\"qodef-e-inner\">\n\t\t<div class=\"qodef-e-content\">\n\t\t\t\t\t\t\t<h5 itemprop=\"description\" class=\"qodef-e-text\">Von der Zusammenarbeit mit Frau Maguth sind wir mehr als begeistert. Die \u00dcbersetzungsarbeiten wurden zuverl\u00e4ssig und schnell in sehr guter Qualit\u00e4t ausgef\u00fchrt. Die freundliche Kommunikation rundete den sehr positiven Gesamteindruck ab. Wir arbeiten mit Frau Maguth sehr gerne zusammen und freuen uns auf weitere Projekte.<\/h5>\n\t\t\t\t<h6 class=\"qodef-e-author\">\n\t\t<span class=\"qodef-e-author-name\">Verena Baum, <\/span>\n\t\t\t\t\t<span class=\"qodef-e-author-job\">Pareus Service Srl<\/span>\n\t\t\t<\/h6>\n\t\t<\/div>\n\t\t\t<\/div>\n<\/div>\n<div class=\"qodef-e qodef-grid-item \">\n\t<div class=\"qodef-e-inner\">\n\t\t<div class=\"qodef-e-content\">\n\t\t\t\t\t\t\t<h5 itemprop=\"description\" class=\"qodef-e-text\">Claudine Maguth is currently teaching Legal Translation at the SDI, Munich, a well-known Institute that trains Translators and Interpreters. She draws on her years of experience in translating to make her classes interesting and relevant. She is extremely well-organized, conscientious, and creative in her teaching. Students find her to be supportive and encouraging as well as extremely knowledgeable. She is a great addition to the English Department! We are lucky to have her.<\/h5>\n\t\t\t\t<h6 class=\"qodef-e-author\">\n\t\t<span class=\"qodef-e-author-name\">Dr. Ruth Kletzander, <\/span>\n\t\t\t\t\t<span class=\"qodef-e-author-job\">Sprachen und Dolmetscher-Institut M\u00fcnchen<\/span>\n\t\t\t<\/h6>\n\t\t<\/div>\n\t\t\t<\/div>\n<\/div>\n<div class=\"qodef-e qodef-grid-item \">\n\t<div class=\"qodef-e-inner\">\n\t\t<div class=\"qodef-e-content\">\n\t\t\t\t\t\t\t<h5 itemprop=\"description\" class=\"qodef-e-text\">Great to work with! Claudine is all that you can expect from a provider of language services: 100% reliable, highly competent, efficient. As English has become the predominant language in my business environment, I needed some support to revive my formerly high-grade English. Claudine has brushed up my English in a surprisingly short time. And although the lessons were highly efficient, it was also a pleasure to work with her. She is a very nice person to do business with.<\/h5>\n\t\t\t\t<h6 class=\"qodef-e-author\">\n\t\t<span class=\"qodef-e-author-name\">Werner Brandl, <\/span>\n\t\t\t\t\t<span class=\"qodef-e-author-job\">Namensentwicklungen Brandl<\/span>\n\t\t\t<\/h6>\n\t\t<\/div>\n\t\t\t<\/div>\n<\/div>\n<div class=\"qodef-e qodef-grid-item \">\n\t<div class=\"qodef-e-inner\">\n\t\t<div class=\"qodef-e-content\">\n\t\t\t\t\t\t\t<h5 itemprop=\"description\" class=\"qodef-e-text\">Mrs Maguth demonstrates great expertise in the field of real estate, excellent linguistic skills and the ability to meet deadlines reliably and efficiently \u2013 highly recommended.<\/h5>\n\t\t\t\t<h6 class=\"qodef-e-author\">\n\t\t<span class=\"qodef-e-author-name\">Dr. Stephan Kloess, <\/span>\n\t\t\t\t\t<span class=\"qodef-e-author-job\">Kloess Real Estate<\/span>\n\t\t\t<\/h6>\n\t\t<\/div>\n\t\t\t<\/div>\n<\/div>\n<div class=\"qodef-e qodef-grid-item \">\n\t<div class=\"qodef-e-inner\">\n\t\t<div class=\"qodef-e-content\">\n\t\t\t\t\t\t\t<h5 itemprop=\"description\" class=\"qodef-e-text\">Claudine has undertaken many translation projects for my company and I have always been more than satisfied with the result. She always finds the right formulation for complicated expressions and successfully steers away from the &quot;Denglisch&quot; you see from many translators. Her communication throughout the project is always clear and professional and she always delivers on time. I would work with her again in a heartbeat.<\/h5>\n\t\t\t\t<h6 class=\"qodef-e-author\">\n\t\t<span class=\"qodef-e-author-name\">Katy Diggory, <\/span>\n\t\t\t\t\t<span class=\"qodef-e-author-job\">Marketing Communications, www.katherinediggory.com<\/span>\n\t\t\t<\/h6>\n\t\t<\/div>\n\t\t\t<\/div>\n<\/div>\n<div class=\"qodef-e qodef-grid-item \">\n\t<div class=\"qodef-e-inner\">\n\t\t<div class=\"qodef-e-content\">\n\t\t\t\t\t\t\t<h5 itemprop=\"description\" class=\"qodef-e-text\">Schon seit mehreren Jahren arbeiten wir regelm\u00e4\u00dfig mit CALM Translations und sind mit den exzellenten Ergebnissen und dem freundlichen und verl\u00e4sslichen Service von Frau Maguth stets h\u00f6chst zufrieden.\n<\/h5>\n\t\t\t\t<h6 class=\"qodef-e-author\">\n\t\t<span class=\"qodef-e-author-name\">Verena Konul, <\/span>\n\t\t\t\t\t<span class=\"qodef-e-author-job\">Gesch\u00e4ftsf\u00fchrerin Konul Digital GmbH<\/span>\n\t\t\t<\/h6>\n\t\t<\/div>\n\t\t\t<\/div>\n<\/div>\n<div class=\"qodef-e qodef-grid-item \">\n\t<div class=\"qodef-e-inner\">\n\t\t<div class=\"qodef-e-content\">\n\t\t\t\t\t\t\t<h5 itemprop=\"description\" class=\"qodef-e-text\">Claudine Maguth hat f\u00fcr uns diverse Dokumente aus dem juristischen, wirtschaftlichen und werblichen Bereich \u00fcbersetzt. Fachlich fundiert und gut recherchiert sind ihre \u00dcbersetzungen ein Musterbeispiel f\u00fcr erfolgreiches Arbeiten. Das Ergebnis l\u00e4sst sich sehen: Unsere Kunden sind mehr als zufrieden, weshalb wir uns immer wieder gerne an Claudine wenden, nicht zuletzt auch wegen des netten Kontaktes.<\/h5>\n\t\t\t\t<h6 class=\"qodef-e-author\">\n\t\t<span class=\"qodef-e-author-name\">Sacha Wiedenmann, <\/span>\n\t\t\t\t\t<span class=\"qodef-e-author-job\">Wortwelt \u00dcbersetzungsagentur<\/span>\n\t\t\t<\/h6>\n\t\t<\/div>\n\t\t\t<\/div>\n<\/div>\n\t<\/div>\n<\/div>\n\t\t<\/div>\n\t\t\t\t<\/div>\n\t\t\t\t\t<\/div>\n\t\t<\/div>\n\t\t\t\t\t<\/div>\n\t\t<\/section>\n\t\t\t\t<\/div>\n\t\t","protected":false},"excerpt":{"rendered":"<p>Der Name CALM Translations ist Programm &#8211; im Transaktionsgesch\u00e4ft wissen wir es zu sch\u00e4tzen, dass Sie die oft eiligen und umfangreichen \u00dcbersetzungsauftr\u00e4ge immer in guter Qualit\u00e4t, absolut zuverl\u00e4ssig mit dem gewissen Extra an Freundlichkeit und Flexibilit\u00e4t bearbeiten. Agnes Bosse, Rechtsanw\u00e4ltin, GSK Stockmann &amp; Kollegen Wir stellen unseren internationalen Mandanten wichtige Informationen in englischer Sprache bereit [&hellip;]<\/p>\n","protected":false},"author":2,"featured_media":0,"parent":0,"menu_order":0,"comment_status":"closed","ping_status":"closed","template":"elementor_header_footer","meta":{"footnotes":""},"yoast_head":"<!-- This site is optimized with the Yoast SEO plugin v21.9.1 - https:\/\/yoast.com\/wordpress\/plugins\/seo\/ -->\n<title>Referenzen - Calm Translations<\/title>\n<meta name=\"robots\" content=\"index, follow, max-snippet:-1, max-image-preview:large, max-video-preview:-1\" \/>\n<link rel=\"canonical\" href=\"https:\/\/calmtranslations.com\/de\/referenzen\/\" \/>\n<meta property=\"og:locale\" content=\"de_DE\" \/>\n<meta property=\"og:type\" content=\"article\" \/>\n<meta property=\"og:title\" content=\"Referenzen - Calm Translations\" \/>\n<meta property=\"og:description\" content=\"Der Name CALM Translations ist Programm &#8211; im Transaktionsgesch\u00e4ft wissen wir es zu sch\u00e4tzen, dass Sie die oft eiligen und umfangreichen \u00dcbersetzungsauftr\u00e4ge immer in guter Qualit\u00e4t, absolut zuverl\u00e4ssig mit dem gewissen Extra an Freundlichkeit und Flexibilit\u00e4t bearbeiten. Agnes Bosse, Rechtsanw\u00e4ltin, GSK Stockmann &amp; Kollegen Wir stellen unseren internationalen Mandanten wichtige Informationen in englischer Sprache bereit [&hellip;]\" \/>\n<meta property=\"og:url\" content=\"https:\/\/calmtranslations.com\/de\/referenzen\/\" \/>\n<meta property=\"og:site_name\" content=\"Calm Translations\" \/>\n<meta property=\"article:modified_time\" content=\"2023-12-21T16:13:34+00:00\" \/>\n<meta property=\"og:image\" content=\"https:\/\/calmtranslations.com\/wp-content\/uploads\/2023\/12\/social-logo.jpg\" \/>\n\t<meta property=\"og:image:width\" content=\"1390\" \/>\n\t<meta property=\"og:image:height\" content=\"764\" \/>\n\t<meta property=\"og:image:type\" content=\"image\/jpeg\" \/>\n<meta name=\"twitter:card\" content=\"summary_large_image\" \/>\n<meta name=\"twitter:image\" content=\"https:\/\/calmtranslations.com\/wp-content\/uploads\/2023\/12\/social-logo.jpg\" \/>\n<meta name=\"twitter:label1\" content=\"Gesch\u00e4tzte Lesezeit\" \/>\n\t<meta name=\"twitter:data1\" content=\"3\u00a0Minuten\" \/>\n<script type=\"application\/ld+json\" class=\"yoast-schema-graph\">{\"@context\":\"https:\/\/schema.org\",\"@graph\":[{\"@type\":\"WebPage\",\"@id\":\"https:\/\/calmtranslations.com\/de\/referenzen\/\",\"url\":\"https:\/\/calmtranslations.com\/de\/referenzen\/\",\"name\":\"Referenzen - Calm Translations\",\"isPartOf\":{\"@id\":\"https:\/\/calmtranslations.com\/#website\"},\"datePublished\":\"2023-10-11T08:35:10+00:00\",\"dateModified\":\"2023-12-21T16:13:34+00:00\",\"breadcrumb\":{\"@id\":\"https:\/\/calmtranslations.com\/de\/referenzen\/#breadcrumb\"},\"inLanguage\":\"de\",\"potentialAction\":[{\"@type\":\"ReadAction\",\"target\":[\"https:\/\/calmtranslations.com\/de\/referenzen\/\"]}]},{\"@type\":\"BreadcrumbList\",\"@id\":\"https:\/\/calmtranslations.com\/de\/referenzen\/#breadcrumb\",\"itemListElement\":[{\"@type\":\"ListItem\",\"position\":1,\"name\":\"Home\",\"item\":\"https:\/\/calmtranslations.com\/de\/\"},{\"@type\":\"ListItem\",\"position\":2,\"name\":\"Referenzen\"}]},{\"@type\":\"WebSite\",\"@id\":\"https:\/\/calmtranslations.com\/#website\",\"url\":\"https:\/\/calmtranslations.com\/\",\"name\":\"Calm Translations\",\"description\":\"Legal translations German to English\",\"potentialAction\":[{\"@type\":\"SearchAction\",\"target\":{\"@type\":\"EntryPoint\",\"urlTemplate\":\"https:\/\/calmtranslations.com\/?s={search_term_string}\"},\"query-input\":\"required name=search_term_string\"}],\"inLanguage\":\"de\"}]}<\/script>\n<!-- \/ Yoast SEO plugin. -->","yoast_head_json":{"title":"Referenzen - Calm Translations","robots":{"index":"index","follow":"follow","max-snippet":"max-snippet:-1","max-image-preview":"max-image-preview:large","max-video-preview":"max-video-preview:-1"},"canonical":"https:\/\/calmtranslations.com\/de\/referenzen\/","og_locale":"de_DE","og_type":"article","og_title":"Referenzen - Calm Translations","og_description":"Der Name CALM Translations ist Programm &#8211; im Transaktionsgesch\u00e4ft wissen wir es zu sch\u00e4tzen, dass Sie die oft eiligen und umfangreichen \u00dcbersetzungsauftr\u00e4ge immer in guter Qualit\u00e4t, absolut zuverl\u00e4ssig mit dem gewissen Extra an Freundlichkeit und Flexibilit\u00e4t bearbeiten. Agnes Bosse, Rechtsanw\u00e4ltin, GSK Stockmann &amp; Kollegen Wir stellen unseren internationalen Mandanten wichtige Informationen in englischer Sprache bereit [&hellip;]","og_url":"https:\/\/calmtranslations.com\/de\/referenzen\/","og_site_name":"Calm Translations","article_modified_time":"2023-12-21T16:13:34+00:00","og_image":[{"width":1390,"height":764,"url":"https:\/\/calmtranslations.com\/wp-content\/uploads\/2023\/12\/social-logo.jpg","type":"image\/jpeg"}],"twitter_card":"summary_large_image","twitter_image":"https:\/\/calmtranslations.com\/wp-content\/uploads\/2023\/12\/social-logo.jpg","twitter_misc":{"Gesch\u00e4tzte Lesezeit":"3\u00a0Minuten"},"schema":{"@context":"https:\/\/schema.org","@graph":[{"@type":"WebPage","@id":"https:\/\/calmtranslations.com\/de\/referenzen\/","url":"https:\/\/calmtranslations.com\/de\/referenzen\/","name":"Referenzen - Calm Translations","isPartOf":{"@id":"https:\/\/calmtranslations.com\/#website"},"datePublished":"2023-10-11T08:35:10+00:00","dateModified":"2023-12-21T16:13:34+00:00","breadcrumb":{"@id":"https:\/\/calmtranslations.com\/de\/referenzen\/#breadcrumb"},"inLanguage":"de","potentialAction":[{"@type":"ReadAction","target":["https:\/\/calmtranslations.com\/de\/referenzen\/"]}]},{"@type":"BreadcrumbList","@id":"https:\/\/calmtranslations.com\/de\/referenzen\/#breadcrumb","itemListElement":[{"@type":"ListItem","position":1,"name":"Home","item":"https:\/\/calmtranslations.com\/de\/"},{"@type":"ListItem","position":2,"name":"Referenzen"}]},{"@type":"WebSite","@id":"https:\/\/calmtranslations.com\/#website","url":"https:\/\/calmtranslations.com\/","name":"Calm Translations","description":"Legal translations German to English","potentialAction":[{"@type":"SearchAction","target":{"@type":"EntryPoint","urlTemplate":"https:\/\/calmtranslations.com\/?s={search_term_string}"},"query-input":"required name=search_term_string"}],"inLanguage":"de"}]}},"_links":{"self":[{"href":"https:\/\/calmtranslations.com\/de\/wp-json\/wp\/v2\/pages\/5631"}],"collection":[{"href":"https:\/\/calmtranslations.com\/de\/wp-json\/wp\/v2\/pages"}],"about":[{"href":"https:\/\/calmtranslations.com\/de\/wp-json\/wp\/v2\/types\/page"}],"author":[{"embeddable":true,"href":"https:\/\/calmtranslations.com\/de\/wp-json\/wp\/v2\/users\/2"}],"replies":[{"embeddable":true,"href":"https:\/\/calmtranslations.com\/de\/wp-json\/wp\/v2\/comments?post=5631"}],"version-history":[{"count":3,"href":"https:\/\/calmtranslations.com\/de\/wp-json\/wp\/v2\/pages\/5631\/revisions"}],"predecessor-version":[{"id":6061,"href":"https:\/\/calmtranslations.com\/de\/wp-json\/wp\/v2\/pages\/5631\/revisions\/6061"}],"wp:attachment":[{"href":"https:\/\/calmtranslations.com\/de\/wp-json\/wp\/v2\/media?parent=5631"}],"curies":[{"name":"wp","href":"https:\/\/api.w.org\/{rel}","templated":true}]}}