{"id":5630,"date":"2023-04-13T07:03:16","date_gmt":"2023-04-13T07:03:16","guid":{"rendered":"https:\/\/claudinemaguth.websitesfortranslators.dev\/coaching\/"},"modified":"2023-12-21T16:12:36","modified_gmt":"2023-12-21T16:12:36","slug":"sprachcoaching","status":"publish","type":"page","link":"https:\/\/calmtranslations.com\/de\/sprachcoaching\/","title":{"rendered":"Sprachcoaching"},"content":{"rendered":"<h3 style=\"color: #FFFFFF\">\n\t\t\t\t\tSprachcoaching f\u00fcr Fach-<br \/> und F\u00fchrungskr\u00e4fte in M\u00fcnchen\t\t\t<\/h3>\n<p>Ich biete Einzel- und Gruppencoachings auf Englisch an, um Kunden dabei zu helfen, sich sprachlich sicher und \u00fcberzeugend auf dem internationalen Parkett zu bewegen. Ich arbeite mit Kunden aus einer Vielzahl von Branchen zusammen, von Fachanw\u00e4lten und Steuerberatern bis hin zu karitativen Organisationen und F\u00fchrungskr\u00e4ften aus der Industrie.<\/p>\n<h3 >\n\t\t\t\t\tEin pers\u00f6nliches Lehrerlebnis\t\t\t<\/h3>\n<p style=\"text-align: center;\">Nach dem ersten Beratungsgespr\u00e4ch &#8211; idealerweise pers\u00f6nlich &#8211; um die Bed\u00fcrfnisse, Erwartungen und das gew\u00fcnschte Ergebnis des Coachings zu besprechen &#8211; erstelle ich eine Lernstrategie. In dieser definiere ich die thematischen Schwerpunktfelder. Beispiele hierf\u00fcr sind:<\/p>\n<p>1<\/p>\n<p style=\"text-align: center;\">Wie man deutsche Rechts- und\/oder Steuerthemen auf Englisch beschreibt oder erkl\u00e4rt, geeignet z.B. f\u00fcr Justiziare oder Steuerberater, die mit Kollegen in anderen L\u00e4ndern zusammenarbeiten.<\/p>\n<p>2<\/p>\n<p style=\"text-align: center;\">Besprechung heikler Themen im internationalen Arbeitsumfeld, z.B. wenn Sie die K\u00fcndigung oder Abmahnung eines Angestellten nach deutschem Recht Ihrem amerikanischen Anwaltskollegen erkl\u00e4ren m\u00fcssen.<\/p>\n<p>3<\/p>\n<p style=\"text-align: center;\">Vorbereitung auf Kunden- und Mandantengespr\u00e4che, z.B. bei Verhandlungen zum Verkauf einer Immobilie und der Ausarbeitung des Kaufvertrags f\u00fcr einen englischen Kollegen.<\/p>\n<p>4<\/p>\n<p style=\"text-align: center;\">Vorstellungsgespr\u00e4che und Unternehmenspr\u00e4sentationen (inkl. \u201eElevator Pitches\u201c) in einem internationalen Umfeld, z.B. bei einem Vorstellungstermin bei einem internationalen Unternehmen in Stuttgart.<\/p>\n<p>5<\/p>\n<p style=\"text-align: center;\">Interkulturelle Kommunikation:<br \/>\nVorbereitungen f\u00fcr ein Trainings-Wochenende mit den internationalen Kollegen.<\/p>\n<p>1<\/p>\n<p style=\"text-align: center;\">Wie man deutsche Rechts- und\/oder Steuerthemen auf Englisch beschreibt oder erkl\u00e4rt, geeignet z.B. f\u00fcr Justiziare oder Steuerberater, die mit Kollegen in anderen L\u00e4ndern zusammenarbeiten.<\/p>\n<p>2<\/p>\n<p style=\"text-align: center;\">Besprechung heikler Themen im internationalen Arbeitsumfeld, z.B. wenn Sie die K\u00fcndigung oder Abmahnung eines Angestellten nach deutschem Recht Ihrem amerikanischen Anwaltskollegen erkl\u00e4ren m\u00fcssen.<\/p>\n<p>3<\/p>\n<p style=\"text-align: center;\">Vorbereitung auf Kunden- und Mandantengespr\u00e4che, z.B. bei Verhandlungen zum Verkauf einer Immobilie und der Ausarbeitung des Kaufvertrags f\u00fcr einen englischen Kollegen.<\/p>\n<p>4<\/p>\n<p style=\"text-align: center;\">Vorstellungsgespr\u00e4che und Unternehmenspr\u00e4sentationen (inkl. \u201eElevator Pitches\u201c) in einem internationalen Umfeld, z.B. bei einem Vorstellungstermin bei einem internationalen Unternehmen in Stuttgart.<\/p>\n<p>5<\/p>\n<p style=\"text-align: center;\">Interkulturelle Kommunikation:<br \/>\nVorbereitungen f\u00fcr ein Trainings-Wochenende mit den internationalen Kollegen.<\/p>\n<p>1<\/p>\n<p style=\"text-align: center;\">Wie man deutsche Rechts- und\/oder Steuerthemen auf Englisch beschreibt oder erkl\u00e4rt, geeignet z.B. f\u00fcr Justiziare oder Steuerberater, die mit Kollegen in anderen L\u00e4ndern zusammenarbeiten.<\/p>\n<p>2<\/p>\n<p style=\"text-align: center;\">Besprechung heikler Themen im internationalen Arbeitsumfeld, z.B. wenn Sie die K\u00fcndigung oder Abmahnung eines Angestellten nach deutschem Recht Ihrem amerikanischen Anwaltskollegen erkl\u00e4ren m\u00fcssen.<\/p>\n<p>3<\/p>\n<p style=\"text-align: center;\">Vorbereitung auf Kunden- und Mandantengespr\u00e4che, z.B. bei Verhandlungen zum Verkauf einer Immobilie und der Ausarbeitung des Kaufvertrags f\u00fcr einen englischen Kollegen.<\/p>\n<p>4<\/p>\n<p style=\"text-align: center;\">Vorstellungsgespr\u00e4che und Unternehmenspr\u00e4sentationen (inkl. \u201eElevator Pitches\u201c) in einem internationalen Umfeld, z.B. bei einem Vorstellungstermin bei einem internationalen Unternehmen in Stuttgart.<\/p>\n<p>5<\/p>\n<p style=\"text-align: center;\">Interkulturelle Kommunikation:<br \/>\nVorbereitungen f\u00fcr ein Trainings-Wochenende mit den internationalen Kollegen.<\/p>\n<h3 style=\"color: #FFFFFF\">\n\t\t\t\t\tWo finden die Kurse<br \/> statt?\t\t\t<\/h3>\n<p style=\"text-align: left;\">Die Coachings k\u00f6nnen<\/p>\n<ul>\n<li>\n\t\t\t\t\t\t\t\t\t\tan Ihrem Standort stattfinden (sofern in M\u00fcnchen und Umgebung oder nach Absprache)\n\t\t\t\t\t\t\t\t\t<\/li>\n<li>\n\t\t\t\t\t\t\t\t\t\tper Videoanruf durchgef\u00fchrt werden\n\t\t\t\t\t\t\t\t\t<\/li>\n<li>\n\t\t\t\t\t\t\t\t\t\toder als Kombination aus den beiden Optionen.\n\t\t\t\t\t\t\t\t\t<\/li>\n<\/ul>\n<h2 >\n\t\t\t\t\tWie wird Sprachcoaching berechnet?\t\t\t<\/h2>\n<p>Sprachcoaching wird nach Zeitaufwand abgerechnet, dabei bin ich flexibel, was L\u00e4nge oder Dauer angeht.<\/p>\n<p>Ich w\u00fcrde Ihnen nach einem pers\u00f6nlichen Gespr\u00e4ch, um auszuloten, wie Sie mit mir arbeiten m\u00f6chten, ein entsprechendes Angebot unterbreiten (z. B. Unterricht auf pers\u00f6nlicher Basis oder per Videoanruf, Ihre Verf\u00fcgbarkeit und etwaige Flexibilit\u00e4tsanforderungen).<\/p>\n<p>Um zu sehen, was meine Kunden \u00fcber mich sagen, gehen Sie bitte einfach zu \u201eReferenzen\u201c.<\/p>\n<p>\t\t\t<a href=\"https:\/\/calmtranslations.com\/de\/referenzen\/\" target=\"_self\" style=\"color: #000000;border-color: #12344B;--border-color: #12344B\" rel=\"noopener\"><br \/>\n\tREFERENZEN<br \/>\n\t<svg xmlns=\"http:\/\/www.w3.org\/2000\/svg\" viewBox=\"0 0 189 59\" preserveAspectRatio=\"none\"><path fill-rule=\"evenodd\" stroke-width=\"1px\" stroke-linecap=\"butt\" stroke-linejoin=\"miter\" vector-effect=\"non-scaling-stroke\"\n\td=\"M0.500,0.500 L178.500,0.500 C184.023,0.500 188.500,4.977 188.500,10.500 L188.500,57.500 L10.500,57.500 C4.977,57.500 0.500,53.023 0.500,47.500 L0.500,0.500 Z\"\/><\/svg><\/a><\/p>\n","protected":false},"excerpt":{"rendered":"<p>Sprachcoaching f\u00fcr Fach- und F\u00fchrungskr\u00e4fte in M\u00fcnchen Ich biete Einzel- und Gruppencoachings auf Englisch an, um Kunden dabei zu helfen, sich sprachlich sicher und \u00fcberzeugend auf dem internationalen Parkett zu bewegen. Ich arbeite mit Kunden aus einer Vielzahl von Branchen zusammen, von Fachanw\u00e4lten und Steuerberatern bis hin zu karitativen Organisationen und F\u00fchrungskr\u00e4ften aus der Industrie. [&hellip;]<\/p>\n","protected":false},"author":2,"featured_media":0,"parent":0,"menu_order":0,"comment_status":"closed","ping_status":"closed","template":"page-full-width.php","meta":{"footnotes":""},"yoast_head":"<!-- This site is optimized with the Yoast SEO plugin v21.9.1 - https:\/\/yoast.com\/wordpress\/plugins\/seo\/ -->\n<title>Sprachcoaching - Calm Translations<\/title>\n<meta name=\"robots\" content=\"index, follow, max-snippet:-1, max-image-preview:large, max-video-preview:-1\" \/>\n<link rel=\"canonical\" href=\"https:\/\/calmtranslations.com\/de\/sprachcoaching\/\" \/>\n<meta property=\"og:locale\" content=\"de_DE\" \/>\n<meta property=\"og:type\" content=\"article\" \/>\n<meta property=\"og:title\" content=\"Sprachcoaching - Calm Translations\" \/>\n<meta property=\"og:description\" content=\"Sprachcoaching f\u00fcr Fach- und F\u00fchrungskr\u00e4fte in M\u00fcnchen Ich biete Einzel- und Gruppencoachings auf Englisch an, um Kunden dabei zu helfen, sich sprachlich sicher und \u00fcberzeugend auf dem internationalen Parkett zu bewegen. Ich arbeite mit Kunden aus einer Vielzahl von Branchen zusammen, von Fachanw\u00e4lten und Steuerberatern bis hin zu karitativen Organisationen und F\u00fchrungskr\u00e4ften aus der Industrie. [&hellip;]\" \/>\n<meta property=\"og:url\" content=\"https:\/\/calmtranslations.com\/de\/sprachcoaching\/\" \/>\n<meta property=\"og:site_name\" content=\"Calm Translations\" \/>\n<meta property=\"article:modified_time\" content=\"2023-12-21T16:12:36+00:00\" \/>\n<meta property=\"og:image\" content=\"https:\/\/calmtranslations.com\/wp-content\/uploads\/2023\/12\/social-logo.jpg\" \/>\n\t<meta property=\"og:image:width\" content=\"1390\" \/>\n\t<meta property=\"og:image:height\" content=\"764\" \/>\n\t<meta property=\"og:image:type\" content=\"image\/jpeg\" \/>\n<meta name=\"twitter:card\" content=\"summary_large_image\" \/>\n<meta name=\"twitter:image\" content=\"https:\/\/calmtranslations.com\/wp-content\/uploads\/2023\/12\/social-logo.jpg\" \/>\n<meta name=\"twitter:label1\" content=\"Gesch\u00e4tzte Lesezeit\" \/>\n\t<meta name=\"twitter:data1\" content=\"3\u00a0Minuten\" \/>\n<script type=\"application\/ld+json\" class=\"yoast-schema-graph\">{\"@context\":\"https:\/\/schema.org\",\"@graph\":[{\"@type\":\"WebPage\",\"@id\":\"https:\/\/calmtranslations.com\/de\/sprachcoaching\/\",\"url\":\"https:\/\/calmtranslations.com\/de\/sprachcoaching\/\",\"name\":\"Sprachcoaching - Calm Translations\",\"isPartOf\":{\"@id\":\"https:\/\/calmtranslations.com\/#website\"},\"datePublished\":\"2023-04-13T07:03:16+00:00\",\"dateModified\":\"2023-12-21T16:12:36+00:00\",\"breadcrumb\":{\"@id\":\"https:\/\/calmtranslations.com\/de\/sprachcoaching\/#breadcrumb\"},\"inLanguage\":\"de\",\"potentialAction\":[{\"@type\":\"ReadAction\",\"target\":[\"https:\/\/calmtranslations.com\/de\/sprachcoaching\/\"]}]},{\"@type\":\"BreadcrumbList\",\"@id\":\"https:\/\/calmtranslations.com\/de\/sprachcoaching\/#breadcrumb\",\"itemListElement\":[{\"@type\":\"ListItem\",\"position\":1,\"name\":\"Home\",\"item\":\"https:\/\/calmtranslations.com\/de\/\"},{\"@type\":\"ListItem\",\"position\":2,\"name\":\"Sprachcoaching\"}]},{\"@type\":\"WebSite\",\"@id\":\"https:\/\/calmtranslations.com\/#website\",\"url\":\"https:\/\/calmtranslations.com\/\",\"name\":\"Calm Translations\",\"description\":\"Legal translations German to English\",\"potentialAction\":[{\"@type\":\"SearchAction\",\"target\":{\"@type\":\"EntryPoint\",\"urlTemplate\":\"https:\/\/calmtranslations.com\/?s={search_term_string}\"},\"query-input\":\"required name=search_term_string\"}],\"inLanguage\":\"de\"}]}<\/script>\n<!-- \/ Yoast SEO plugin. -->","yoast_head_json":{"title":"Sprachcoaching - Calm Translations","robots":{"index":"index","follow":"follow","max-snippet":"max-snippet:-1","max-image-preview":"max-image-preview:large","max-video-preview":"max-video-preview:-1"},"canonical":"https:\/\/calmtranslations.com\/de\/sprachcoaching\/","og_locale":"de_DE","og_type":"article","og_title":"Sprachcoaching - Calm Translations","og_description":"Sprachcoaching f\u00fcr Fach- und F\u00fchrungskr\u00e4fte in M\u00fcnchen Ich biete Einzel- und Gruppencoachings auf Englisch an, um Kunden dabei zu helfen, sich sprachlich sicher und \u00fcberzeugend auf dem internationalen Parkett zu bewegen. Ich arbeite mit Kunden aus einer Vielzahl von Branchen zusammen, von Fachanw\u00e4lten und Steuerberatern bis hin zu karitativen Organisationen und F\u00fchrungskr\u00e4ften aus der Industrie. [&hellip;]","og_url":"https:\/\/calmtranslations.com\/de\/sprachcoaching\/","og_site_name":"Calm Translations","article_modified_time":"2023-12-21T16:12:36+00:00","og_image":[{"width":1390,"height":764,"url":"https:\/\/calmtranslations.com\/wp-content\/uploads\/2023\/12\/social-logo.jpg","type":"image\/jpeg"}],"twitter_card":"summary_large_image","twitter_image":"https:\/\/calmtranslations.com\/wp-content\/uploads\/2023\/12\/social-logo.jpg","twitter_misc":{"Gesch\u00e4tzte Lesezeit":"3\u00a0Minuten"},"schema":{"@context":"https:\/\/schema.org","@graph":[{"@type":"WebPage","@id":"https:\/\/calmtranslations.com\/de\/sprachcoaching\/","url":"https:\/\/calmtranslations.com\/de\/sprachcoaching\/","name":"Sprachcoaching - Calm Translations","isPartOf":{"@id":"https:\/\/calmtranslations.com\/#website"},"datePublished":"2023-04-13T07:03:16+00:00","dateModified":"2023-12-21T16:12:36+00:00","breadcrumb":{"@id":"https:\/\/calmtranslations.com\/de\/sprachcoaching\/#breadcrumb"},"inLanguage":"de","potentialAction":[{"@type":"ReadAction","target":["https:\/\/calmtranslations.com\/de\/sprachcoaching\/"]}]},{"@type":"BreadcrumbList","@id":"https:\/\/calmtranslations.com\/de\/sprachcoaching\/#breadcrumb","itemListElement":[{"@type":"ListItem","position":1,"name":"Home","item":"https:\/\/calmtranslations.com\/de\/"},{"@type":"ListItem","position":2,"name":"Sprachcoaching"}]},{"@type":"WebSite","@id":"https:\/\/calmtranslations.com\/#website","url":"https:\/\/calmtranslations.com\/","name":"Calm Translations","description":"Legal translations German to English","potentialAction":[{"@type":"SearchAction","target":{"@type":"EntryPoint","urlTemplate":"https:\/\/calmtranslations.com\/?s={search_term_string}"},"query-input":"required name=search_term_string"}],"inLanguage":"de"}]}},"_links":{"self":[{"href":"https:\/\/calmtranslations.com\/de\/wp-json\/wp\/v2\/pages\/5630"}],"collection":[{"href":"https:\/\/calmtranslations.com\/de\/wp-json\/wp\/v2\/pages"}],"about":[{"href":"https:\/\/calmtranslations.com\/de\/wp-json\/wp\/v2\/types\/page"}],"author":[{"embeddable":true,"href":"https:\/\/calmtranslations.com\/de\/wp-json\/wp\/v2\/users\/2"}],"replies":[{"embeddable":true,"href":"https:\/\/calmtranslations.com\/de\/wp-json\/wp\/v2\/comments?post=5630"}],"version-history":[{"count":27,"href":"https:\/\/calmtranslations.com\/de\/wp-json\/wp\/v2\/pages\/5630\/revisions"}],"predecessor-version":[{"id":6144,"href":"https:\/\/calmtranslations.com\/de\/wp-json\/wp\/v2\/pages\/5630\/revisions\/6144"}],"wp:attachment":[{"href":"https:\/\/calmtranslations.com\/de\/wp-json\/wp\/v2\/media?parent=5630"}],"curies":[{"name":"wp","href":"https:\/\/api.w.org\/{rel}","templated":true}]}}